{"id":2125,"date":"2021-04-06T20:04:02","date_gmt":"2021-04-06T20:04:02","guid":{"rendered":"https:\/\/gcttg.com\/expertise\/temoignages-dexperts\/"},"modified":"2024-03-21T14:51:35","modified_gmt":"2024-03-21T18:51:35","slug":"expert-testimonies","status":"publish","type":"page","link":"https:\/\/gcttg.com\/en\/expertise\/expert-testimonies\/","title":{"rendered":"Expert Testimonies"},"content":{"rendered":"<p><div class=\"fusion-fullwidth fullwidth-box fusion-builder-row-1 fusion-flex-container nonhundred-percent-fullwidth non-hundred-percent-height-scrolling\" style=\"--awb-border-radius-top-left:0px;--awb-border-radius-top-right:0px;--awb-border-radius-bottom-right:0px;--awb-border-radius-bottom-left:0px;--awb-flex-wrap:wrap;\" ><div class=\"fusion-builder-row fusion-row fusion-flex-align-items-flex-start fusion-flex-content-wrap\" style=\"max-width:1248px;margin-left: calc(-4% \/ 2 );margin-right: calc(-4% \/ 2 );\"><div class=\"fusion-layout-column fusion_builder_column fusion-builder-column-0 fusion_builder_column_1_4 1_4 fusion-flex-column fusion-no-small-visibility\" style=\"--awb-bg-size:cover;--awb-width-large:25%;--awb-margin-top-large:0px;--awb-spacing-right-large:7.68%;--awb-margin-bottom-large:20px;--awb-spacing-left-large:7.68%;--awb-width-medium:25%;--awb-order-medium:0;--awb-spacing-right-medium:7.68%;--awb-spacing-left-medium:7.68%;--awb-width-small:100%;--awb-order-small:0;--awb-spacing-right-small:1.92%;--awb-spacing-left-small:1.92%;\"><div class=\"fusion-column-wrapper fusion-column-has-shadow fusion-flex-justify-content-flex-start fusion-content-layout-column\"><\/div><\/div><div class=\"fusion-layout-column fusion_builder_column fusion-builder-column-1 fusion-flex-column\" style=\"--awb-bg-size:cover;--awb-width-large:65.625%;--awb-margin-top-large:0px;--awb-spacing-right-large:2.9257142857143%;--awb-margin-bottom-large:20px;--awb-spacing-left-large:2.9257142857143%;--awb-width-medium:65.625%;--awb-order-medium:0;--awb-spacing-right-medium:2.9257142857143%;--awb-spacing-left-medium:2.9257142857143%;--awb-width-small:100%;--awb-order-small:0;--awb-spacing-right-small:1.92%;--awb-spacing-left-small:1.92%;\"><div class=\"fusion-column-wrapper fusion-column-has-shadow fusion-flex-justify-content-flex-start fusion-content-layout-column\"><div class=\"fusion-text fusion-text-1 introPage\" style=\"--awb-text-color:#7ac147;\"><p><strong>Dans un litige commercial, les rapports d\u2019essais s\u2019av\u00e8rent souvent incomplets ou inutilisables s\u2019ils ne sont pas interpr\u00e9t\u00e9s ou analys\u00e9s par des t\u00e9moins experts ind\u00e9pendants et objectifs. Fort de plus de 35 ann\u00e9es d\u2019exp\u00e9rience en recherche et d\u00e9veloppement de textiles techniques, de g\u00e9osynth\u00e9tiques et de mat\u00e9riaux avanc\u00e9s \u00e0 base de textile, le Groupe CTT peut fournir cette expertise aux organisations, aux manufacturiers, aux fournisseurs ou aux consommateurs.<\/strong><\/p>\n<\/div><\/div><\/div><\/div><\/div><div class=\"fusion-fullwidth fullwidth-box fusion-builder-row-2 fusion-flex-container nonhundred-percent-fullwidth non-hundred-percent-height-scrolling row-photos\" style=\"--awb-border-radius-top-left:0px;--awb-border-radius-top-right:0px;--awb-border-radius-bottom-right:0px;--awb-border-radius-bottom-left:0px;--awb-flex-wrap:wrap;\" ><div class=\"fusion-builder-row fusion-row fusion-flex-align-items-flex-start fusion-flex-content-wrap\" style=\"max-width:1248px;margin-left: calc(-4% \/ 2 );margin-right: calc(-4% \/ 2 );\"><div class=\"fusion-layout-column fusion_builder_column fusion-builder-column-2 fusion_builder_column_1_4 1_4 fusion-flex-column fusion-no-small-visibility\" style=\"--awb-padding-bottom:30px;--awb-bg-size:cover;--awb-width-large:25%;--awb-margin-top-large:0px;--awb-spacing-right-large:7.68%;--awb-margin-bottom-large:20px;--awb-spacing-left-large:7.68%;--awb-width-medium:25%;--awb-order-medium:0;--awb-spacing-right-medium:7.68%;--awb-spacing-left-medium:7.68%;--awb-width-small:50%;--awb-order-small:0;--awb-spacing-right-small:3.84%;--awb-spacing-left-small:3.84%;\"><div class=\"fusion-column-wrapper fusion-column-has-shadow fusion-flex-justify-content-flex-start fusion-content-layout-column\"><\/div><\/div><div class=\"fusion-layout-column fusion_builder_column fusion-builder-column-3 fusion-flex-column\" style=\"--awb-padding-bottom:30px;--awb-padding-bottom-medium:0px;--awb-bg-size:cover;--awb-width-large:40.625%;--awb-margin-top-large:0px;--awb-spacing-right-large:4.7261538461538%;--awb-margin-bottom-large:20px;--awb-spacing-left-large:4.7261538461538%;--awb-width-medium:40.625%;--awb-order-medium:0;--awb-spacing-right-medium:4.7261538461538%;--awb-margin-bottom-medium:0;--awb-spacing-left-medium:4.7261538461538%;--awb-width-small:100%;--awb-order-small:1;--awb-spacing-right-small:1.92%;--awb-spacing-left-small:1.92%;\"><div class=\"fusion-column-wrapper fusion-column-has-shadow fusion-flex-justify-content-flex-start fusion-content-layout-column\"><div class=\"fusion-image-element \" style=\"text-align:left;--awb-caption-title-font-family:var(--h2_typography-font-family);--awb-caption-title-font-weight:var(--h2_typography-font-weight);--awb-caption-title-font-style:var(--h2_typography-font-style);--awb-caption-title-size:var(--h2_typography-font-size);--awb-caption-title-transform:var(--h2_typography-text-transform);--awb-caption-title-line-height:var(--h2_typography-line-height);--awb-caption-title-letter-spacing:var(--h2_typography-letter-spacing);\"><span class=\" fusion-imageframe imageframe-dropshadow imageframe-1 hover-type-none\" style=\"-webkit-box-shadow: 6px 6px 10px rgba(0,0,0,0.16);box-shadow: 6px 6px 10px rgba(0,0,0,0.16);\"><img decoding=\"async\" width=\"462\" height=\"243\" title=\"photo-temoignage-dexpert-462&#215;243\" src=\"https:\/\/gcttg.com\/wp-content\/uploads\/2021\/06\/photo-temoignage-dexpert-462x243-1.jpg\" alt class=\"img-responsive wp-image-1999\" srcset=\"https:\/\/gcttg.com\/wp-content\/uploads\/2021\/06\/photo-temoignage-dexpert-462x243-1-200x105.jpg 200w, https:\/\/gcttg.com\/wp-content\/uploads\/2021\/06\/photo-temoignage-dexpert-462x243-1-400x210.jpg 400w, https:\/\/gcttg.com\/wp-content\/uploads\/2021\/06\/photo-temoignage-dexpert-462x243-1.jpg 462w\" sizes=\"(max-width: 640px) 100vw, 462px\" \/><\/span><\/div><\/div><\/div><div class=\"fusion-layout-column fusion_builder_column fusion-builder-column-4 fusion_builder_column_1_4 1_4 fusion-flex-column\" style=\"--awb-padding-bottom:30px;--awb-padding-bottom-medium:0px;--awb-bg-size:cover;--awb-width-large:25%;--awb-margin-top-large:0px;--awb-spacing-right-large:7.68%;--awb-margin-bottom-large:20px;--awb-spacing-left-large:7.68%;--awb-width-medium:25%;--awb-order-medium:0;--awb-spacing-right-medium:7.68%;--awb-margin-bottom-medium:0;--awb-spacing-left-medium:7.68%;--awb-width-small:50%;--awb-order-small:0;--awb-spacing-right-small:3.84%;--awb-spacing-left-small:3.84%;\"><div class=\"fusion-column-wrapper fusion-column-has-shadow fusion-flex-justify-content-flex-start fusion-content-layout-column\"><div class=\"fusion-image-element \" style=\"text-align:left;--awb-caption-title-font-family:var(--h2_typography-font-family);--awb-caption-title-font-weight:var(--h2_typography-font-weight);--awb-caption-title-font-style:var(--h2_typography-font-style);--awb-caption-title-size:var(--h2_typography-font-size);--awb-caption-title-transform:var(--h2_typography-text-transform);--awb-caption-title-line-height:var(--h2_typography-line-height);--awb-caption-title-letter-spacing:var(--h2_typography-letter-spacing);\"><span class=\" fusion-imageframe imageframe-dropshadow imageframe-2 hover-type-none\" style=\"-webkit-box-shadow: 6px 6px 10px rgba(0,0,0,0.16);box-shadow: 6px 6px 10px rgba(0,0,0,0.16);\"><img decoding=\"async\" width=\"267\" height=\"243\" title=\"photo-temoignage-dexpert-267&#215;243\" src=\"https:\/\/gcttg.com\/wp-content\/uploads\/2021\/06\/photo-temoignage-dexpert-267x243-1.jpg\" alt class=\"img-responsive wp-image-2000\" srcset=\"https:\/\/gcttg.com\/wp-content\/uploads\/2021\/06\/photo-temoignage-dexpert-267x243-1-200x182.jpg 200w, https:\/\/gcttg.com\/wp-content\/uploads\/2021\/06\/photo-temoignage-dexpert-267x243-1.jpg 267w\" sizes=\"(max-width: 640px) 100vw, 267px\" \/><\/span><\/div><\/div><\/div><\/div><\/div><div class=\"fusion-fullwidth fullwidth-box fusion-builder-row-3 fusion-flex-container nonhundred-percent-fullwidth non-hundred-percent-height-scrolling\" style=\"--awb-border-radius-top-left:0px;--awb-border-radius-top-right:0px;--awb-border-radius-bottom-right:0px;--awb-border-radius-bottom-left:0px;--awb-flex-wrap:wrap;\" ><div class=\"fusion-builder-row fusion-row fusion-flex-align-items-flex-start fusion-flex-content-wrap\" style=\"max-width:1248px;margin-left: calc(-4% \/ 2 );margin-right: calc(-4% \/ 2 );\"><div class=\"fusion-layout-column fusion_builder_column fusion-builder-column-5 fusion_builder_column_1_4 1_4 fusion-flex-column fusion-no-small-visibility\" style=\"--awb-bg-size:cover;--awb-width-large:25%;--awb-margin-top-large:0px;--awb-spacing-right-large:7.68%;--awb-margin-bottom-large:20px;--awb-spacing-left-large:7.68%;--awb-width-medium:25%;--awb-order-medium:0;--awb-spacing-right-medium:7.68%;--awb-spacing-left-medium:7.68%;--awb-width-small:100%;--awb-order-small:0;--awb-spacing-right-small:1.92%;--awb-spacing-left-small:1.92%;\"><div class=\"fusion-column-wrapper fusion-column-has-shadow fusion-flex-justify-content-flex-start fusion-content-layout-column\"><\/div><\/div><div class=\"fusion-layout-column fusion_builder_column fusion-builder-column-6 fusion-flex-column\" style=\"--awb-bg-size:cover;--awb-width-large:65.625%;--awb-margin-top-large:0px;--awb-spacing-right-large:2.9257142857143%;--awb-margin-bottom-large:20px;--awb-spacing-left-large:2.9257142857143%;--awb-width-medium:65.625%;--awb-order-medium:0;--awb-spacing-right-medium:2.9257142857143%;--awb-spacing-left-medium:2.9257142857143%;--awb-width-small:100%;--awb-order-small:0;--awb-spacing-right-small:1.92%;--awb-spacing-left-small:1.92%;\"><div class=\"fusion-column-wrapper fusion-column-has-shadow fusion-flex-justify-content-flex-start fusion-content-layout-column\"><div class=\"fusion-text fusion-text-2\"><p>Nos services comprennent :<\/p>\n<ul>\n<li>l\u2019analyse de la conformit\u00e9 aux normes;<\/li>\n<li>l\u2019analyse et la recherche d\u2019anomalies;<\/li>\n<li>les \u00e9valuations li\u00e9es aux violations de brevets;<\/li>\n<li>l\u2019analyse des plaintes des consommateurs.<\/li>\n<\/ul>\n<\/div><div class=\"fusion-builder-row fusion-builder-row-inner fusion-row fusion-flex-align-items-flex-start fusion-flex-content-wrap\" style=\"--awb-flex-grow:0;--awb-flex-grow-medium:0;--awb-flex-grow-small:0;--awb-flex-shrink:0;--awb-flex-shrink-medium:0;--awb-flex-shrink-small:0;width:104% !important;max-width:104% !important;margin-left: calc(-4% \/ 2 );margin-right: calc(-4% \/ 2 );\"><div class=\"fusion-layout-column fusion_builder_column_inner fusion-builder-nested-column-0 fusion_builder_column_inner_1_4 1_4 fusion-flex-column\" style=\"--awb-padding-bottom:0px;--awb-bg-size:cover;--awb-width-large:25%;--awb-margin-top-large:0px;--awb-spacing-right-large:7.68%;--awb-margin-bottom-large:0px;--awb-spacing-left-large:7.68%;--awb-width-medium:40%;--awb-order-medium:0;--awb-spacing-right-medium:4.8%;--awb-spacing-left-medium:4.8%;--awb-width-small:66.666666666667%;--awb-order-small:0;--awb-spacing-right-small:2.88%;--awb-spacing-left-small:2.88%;\"><div class=\"fusion-column-wrapper fusion-column-has-shadow fusion-flex-justify-content-flex-start fusion-content-layout-column\"><div ><a class=\"fusion-button button-flat fusion-button-default-size button-custom fusion-button-default button-1 fusion-button-span-yes fusion-button-default-type btn-shadow\" style=\"--button_accent_color:#ffffff;--button_accent_hover_color:#ffffff;--button_border_hover_color:#ffffff;--button_gradient_top_color:#7ac147;--button_gradient_bottom_color:#7ac147;--button_gradient_top_color_hover:#00aeef;--button_gradient_bottom_color_hover:#00aeef;--button_text_transform:uppercase;\" target=\"_self\" href=\"https:\/\/gcttg.com\/en\/request-a-quote\/\"><span class=\"fusion-button-icon-divider button-icon-divider-left\"><i class=\"gcttg-file-alt-solid awb-button__icon awb-button__icon--default\" aria-hidden=\"true\"><\/i><\/span><span class=\"fusion-button-text awb-button__text awb-button__text--default fusion-button-text-left\">REQUEST A QUOTE<\/span><\/a><\/div><\/div><\/div><div class=\"fusion-layout-column fusion_builder_column_inner fusion-builder-nested-column-1 fusion_builder_column_inner_1_4 1_4 fusion-flex-column\" style=\"--awb-padding-bottom:0px;--awb-bg-size:cover;--awb-width-large:25%;--awb-margin-top-large:0px;--awb-spacing-right-large:7.68%;--awb-margin-bottom-large:0px;--awb-spacing-left-large:7.68%;--awb-width-medium:40%;--awb-order-medium:0;--awb-spacing-right-medium:4.8%;--awb-spacing-left-medium:4.8%;--awb-width-small:66.666666666667%;--awb-order-small:0;--awb-spacing-right-small:2.88%;--awb-spacing-left-small:2.88%;\"><div class=\"fusion-column-wrapper fusion-column-has-shadow fusion-flex-justify-content-flex-start fusion-content-layout-column\"><div ><a class=\"fusion-button button-flat fusion-button-default-size button-custom fusion-button-default button-2 fusion-button-span-yes fusion-button-default-type btn-shadow\" style=\"--button_accent_color:#ffffff;--button_accent_hover_color:#ffffff;--button_border_hover_color:#ffffff;--button_gradient_top_color:#00aeef;--button_gradient_bottom_color:#00aeef;--button_gradient_top_color_hover:#7ac147;--button_gradient_bottom_color_hover:#7ac147;--button_text_transform:uppercase;\" target=\"_self\" href=\"https:\/\/gcttg.com\/en\/technical-services\/list-of-tests\/\"><span class=\"fusion-button-icon-divider button-icon-divider-left\"><i class=\"gcttg-search-solid awb-button__icon awb-button__icon--default\" aria-hidden=\"true\"><\/i><\/span><span class=\"fusion-button-text awb-button__text awb-button__text--default fusion-button-text-left\">LIST OF  TESTS<\/span><\/a><\/div><\/div><\/div><\/div><\/div><\/div><\/div><\/div><\/p>\n","protected":false},"excerpt":{"rendered":"","protected":false},"author":1,"featured_media":0,"parent":2109,"menu_order":3,"comment_status":"closed","ping_status":"closed","template":"","meta":{"footnotes":""},"class_list":["post-2125","page","type-page","status-publish","hentry"],"aioseo_notices":[],"_links":{"self":[{"href":"https:\/\/gcttg.com\/en\/wp-json\/wp\/v2\/pages\/2125","targetHints":{"allow":["GET"]}}],"collection":[{"href":"https:\/\/gcttg.com\/en\/wp-json\/wp\/v2\/pages"}],"about":[{"href":"https:\/\/gcttg.com\/en\/wp-json\/wp\/v2\/types\/page"}],"author":[{"embeddable":true,"href":"https:\/\/gcttg.com\/en\/wp-json\/wp\/v2\/users\/1"}],"replies":[{"embeddable":true,"href":"https:\/\/gcttg.com\/en\/wp-json\/wp\/v2\/comments?post=2125"}],"version-history":[{"count":0,"href":"https:\/\/gcttg.com\/en\/wp-json\/wp\/v2\/pages\/2125\/revisions"}],"up":[{"embeddable":true,"href":"https:\/\/gcttg.com\/en\/wp-json\/wp\/v2\/pages\/2109"}],"wp:attachment":[{"href":"https:\/\/gcttg.com\/en\/wp-json\/wp\/v2\/media?parent=2125"}],"curies":[{"name":"wp","href":"https:\/\/api.w.org\/{rel}","templated":true}]}}