{"id":2124,"date":"2021-04-06T20:03:58","date_gmt":"2021-04-06T20:03:58","guid":{"rendered":"https:\/\/gcttg.com\/expertise\/conseils-techniques\/"},"modified":"2024-03-21T14:51:46","modified_gmt":"2024-03-21T18:51:46","slug":"technical-advice","status":"publish","type":"page","link":"https:\/\/gcttg.com\/en\/expertise\/technical-advice\/","title":{"rendered":"Technical Advice"},"content":{"rendered":"<p><div class=\"fusion-fullwidth fullwidth-box fusion-builder-row-1 fusion-flex-container nonhundred-percent-fullwidth non-hundred-percent-height-scrolling\" style=\"--awb-border-radius-top-left:0px;--awb-border-radius-top-right:0px;--awb-border-radius-bottom-right:0px;--awb-border-radius-bottom-left:0px;--awb-flex-wrap:wrap;\" ><div class=\"fusion-builder-row fusion-row fusion-flex-align-items-flex-start fusion-flex-content-wrap\" style=\"max-width:1248px;margin-left: calc(-4% \/ 2 );margin-right: calc(-4% \/ 2 );\"><div class=\"fusion-layout-column fusion_builder_column fusion-builder-column-0 fusion_builder_column_1_4 1_4 fusion-flex-column fusion-no-small-visibility\" style=\"--awb-bg-size:cover;--awb-width-large:25%;--awb-margin-top-large:0px;--awb-spacing-right-large:7.68%;--awb-margin-bottom-large:20px;--awb-spacing-left-large:7.68%;--awb-width-medium:25%;--awb-order-medium:0;--awb-spacing-right-medium:7.68%;--awb-spacing-left-medium:7.68%;--awb-width-small:100%;--awb-order-small:0;--awb-spacing-right-small:1.92%;--awb-spacing-left-small:1.92%;\"><div class=\"fusion-column-wrapper fusion-column-has-shadow fusion-flex-justify-content-flex-start fusion-content-layout-column\"><\/div><\/div><div class=\"fusion-layout-column fusion_builder_column fusion-builder-column-1 fusion-flex-column\" style=\"--awb-bg-size:cover;--awb-width-large:65.625%;--awb-margin-top-large:0px;--awb-spacing-right-large:2.9257142857143%;--awb-margin-bottom-large:20px;--awb-spacing-left-large:2.9257142857143%;--awb-width-medium:65.625%;--awb-order-medium:0;--awb-spacing-right-medium:2.9257142857143%;--awb-spacing-left-medium:2.9257142857143%;--awb-width-small:100%;--awb-order-small:0;--awb-spacing-right-small:1.92%;--awb-spacing-left-small:1.92%;\"><div class=\"fusion-column-wrapper fusion-column-has-shadow fusion-flex-justify-content-flex-start fusion-content-layout-column\"><div class=\"fusion-text fusion-text-1 introPage\" style=\"--awb-text-color:#7ac147;\"><p><strong>Pour les probl\u00e8mes de production, les d\u00e9fauts de tissus, les d\u00e9faillances techniques ou pour tout autre difficult\u00e9 concernant vos produits, les sp\u00e9cialistes du Groupe CTT sont en mesure d\u2019identifier et d\u2019analyser votre probl\u00e8me, et de vous aider \u00e0 trouver des pistes de solution.<\/strong><\/p>\n<\/div><\/div><\/div><\/div><\/div><div class=\"fusion-fullwidth fullwidth-box fusion-builder-row-2 fusion-flex-container nonhundred-percent-fullwidth non-hundred-percent-height-scrolling row-photos\" style=\"--awb-border-radius-top-left:0px;--awb-border-radius-top-right:0px;--awb-border-radius-bottom-right:0px;--awb-border-radius-bottom-left:0px;--awb-flex-wrap:wrap;\" ><div class=\"fusion-builder-row fusion-row fusion-flex-align-items-flex-start fusion-flex-content-wrap\" style=\"max-width:1248px;margin-left: calc(-4% \/ 2 );margin-right: calc(-4% \/ 2 );\"><div class=\"fusion-layout-column fusion_builder_column fusion-builder-column-2 fusion_builder_column_1_4 1_4 fusion-flex-column fusion-no-small-visibility\" style=\"--awb-padding-bottom:30px;--awb-bg-size:cover;--awb-width-large:25%;--awb-margin-top-large:0px;--awb-spacing-right-large:7.68%;--awb-margin-bottom-large:20px;--awb-spacing-left-large:7.68%;--awb-width-medium:25%;--awb-order-medium:0;--awb-spacing-right-medium:7.68%;--awb-spacing-left-medium:7.68%;--awb-width-small:50%;--awb-order-small:0;--awb-spacing-right-small:3.84%;--awb-spacing-left-small:3.84%;\"><div class=\"fusion-column-wrapper fusion-column-has-shadow fusion-flex-justify-content-flex-start fusion-content-layout-column\"><\/div><\/div><div class=\"fusion-layout-column fusion_builder_column fusion-builder-column-3 fusion-flex-column\" style=\"--awb-padding-bottom:30px;--awb-padding-bottom-medium:0px;--awb-bg-size:cover;--awb-width-large:40.625%;--awb-margin-top-large:0px;--awb-spacing-right-large:4.7261538461538%;--awb-margin-bottom-large:20px;--awb-spacing-left-large:4.7261538461538%;--awb-width-medium:40.625%;--awb-order-medium:0;--awb-spacing-right-medium:4.7261538461538%;--awb-margin-bottom-medium:0;--awb-spacing-left-medium:4.7261538461538%;--awb-width-small:100%;--awb-order-small:1;--awb-spacing-right-small:1.92%;--awb-spacing-left-small:1.92%;\"><div class=\"fusion-column-wrapper fusion-column-has-shadow fusion-flex-justify-content-flex-start fusion-content-layout-column\"><div class=\"fusion-image-element \" style=\"text-align:left;--awb-caption-title-font-family:var(--h2_typography-font-family);--awb-caption-title-font-weight:var(--h2_typography-font-weight);--awb-caption-title-font-style:var(--h2_typography-font-style);--awb-caption-title-size:var(--h2_typography-font-size);--awb-caption-title-transform:var(--h2_typography-text-transform);--awb-caption-title-line-height:var(--h2_typography-line-height);--awb-caption-title-letter-spacing:var(--h2_typography-letter-spacing);\"><span class=\" fusion-imageframe imageframe-dropshadow imageframe-1 hover-type-none\" style=\"-webkit-box-shadow: 6px 6px 10px rgba(0,0,0,0.16);box-shadow: 6px 6px 10px rgba(0,0,0,0.16);\"><img decoding=\"async\" width=\"462\" height=\"243\" title=\"photo-conseil-techniques-462&#215;243\" src=\"https:\/\/gcttg.com\/wp-content\/uploads\/2021\/06\/photo-conseil-techniques-462x243-1.jpg\" alt class=\"img-responsive wp-image-1996\" srcset=\"https:\/\/gcttg.com\/wp-content\/uploads\/2021\/06\/photo-conseil-techniques-462x243-1-200x105.jpg 200w, https:\/\/gcttg.com\/wp-content\/uploads\/2021\/06\/photo-conseil-techniques-462x243-1-400x210.jpg 400w, https:\/\/gcttg.com\/wp-content\/uploads\/2021\/06\/photo-conseil-techniques-462x243-1.jpg 462w\" sizes=\"(max-width: 640px) 100vw, 462px\" \/><\/span><\/div><div class=\"fusion-text fusion-text-2\" style=\"--awb-font-size:12px;--awb-line-height:14px;--awb-text-font-family:&quot;Roboto&quot;;--awb-text-font-style:normal;--awb-text-font-weight:400;\"><p>Experts g\u00e9osynth\u00e9tiques interpr\u00e9tant le comportement de g\u00e9otextile \u00e0 l\u2019essai<\/p>\n<\/div><\/div><\/div><div class=\"fusion-layout-column fusion_builder_column fusion-builder-column-4 fusion_builder_column_1_4 1_4 fusion-flex-column\" style=\"--awb-padding-bottom:30px;--awb-padding-bottom-medium:0px;--awb-bg-size:cover;--awb-width-large:25%;--awb-margin-top-large:0px;--awb-spacing-right-large:7.68%;--awb-margin-bottom-large:20px;--awb-spacing-left-large:7.68%;--awb-width-medium:25%;--awb-order-medium:0;--awb-spacing-right-medium:7.68%;--awb-margin-bottom-medium:0;--awb-spacing-left-medium:7.68%;--awb-width-small:50%;--awb-order-small:0;--awb-spacing-right-small:3.84%;--awb-spacing-left-small:3.84%;\"><div class=\"fusion-column-wrapper fusion-column-has-shadow fusion-flex-justify-content-flex-start fusion-content-layout-column\"><div class=\"fusion-image-element \" style=\"text-align:left;--awb-caption-title-font-family:var(--h2_typography-font-family);--awb-caption-title-font-weight:var(--h2_typography-font-weight);--awb-caption-title-font-style:var(--h2_typography-font-style);--awb-caption-title-size:var(--h2_typography-font-size);--awb-caption-title-transform:var(--h2_typography-text-transform);--awb-caption-title-line-height:var(--h2_typography-line-height);--awb-caption-title-letter-spacing:var(--h2_typography-letter-spacing);\"><span class=\" fusion-imageframe imageframe-dropshadow imageframe-2 hover-type-none\" style=\"-webkit-box-shadow: 6px 6px 10px rgba(0,0,0,0.16);box-shadow: 6px 6px 10px rgba(0,0,0,0.16);\"><img decoding=\"async\" width=\"267\" height=\"243\" title=\"IMG_8152-RET\" src=\"https:\/\/gcttg.com\/wp-content\/uploads\/2021\/05\/IMG_8152-RET.jpg\" alt class=\"img-responsive wp-image-1911\" srcset=\"https:\/\/gcttg.com\/wp-content\/uploads\/2021\/05\/IMG_8152-RET-200x182.jpg 200w, https:\/\/gcttg.com\/wp-content\/uploads\/2021\/05\/IMG_8152-RET.jpg 267w\" sizes=\"(max-width: 640px) 100vw, 267px\" \/><\/span><\/div><div class=\"fusion-text fusion-text-3\" style=\"--awb-font-size:12px;--awb-line-height:14px;--awb-text-font-family:&quot;Roboto&quot;;--awb-text-font-style:normal;--awb-text-font-weight:400;\"><p>R\u00e9vision et discussion de r\u00e9sultats\u00a0<\/p>\n<\/div><\/div><\/div><\/div><\/div><div class=\"fusion-fullwidth fullwidth-box fusion-builder-row-3 fusion-flex-container nonhundred-percent-fullwidth non-hundred-percent-height-scrolling\" style=\"--awb-border-radius-top-left:0px;--awb-border-radius-top-right:0px;--awb-border-radius-bottom-right:0px;--awb-border-radius-bottom-left:0px;--awb-flex-wrap:wrap;\" ><div class=\"fusion-builder-row fusion-row fusion-flex-align-items-flex-start fusion-flex-content-wrap\" style=\"max-width:1248px;margin-left: calc(-4% \/ 2 );margin-right: calc(-4% \/ 2 );\"><div class=\"fusion-layout-column fusion_builder_column fusion-builder-column-5 fusion_builder_column_1_4 1_4 fusion-flex-column fusion-no-small-visibility\" style=\"--awb-bg-size:cover;--awb-width-large:25%;--awb-margin-top-large:0px;--awb-spacing-right-large:7.68%;--awb-margin-bottom-large:20px;--awb-spacing-left-large:7.68%;--awb-width-medium:25%;--awb-order-medium:0;--awb-spacing-right-medium:7.68%;--awb-spacing-left-medium:7.68%;--awb-width-small:100%;--awb-order-small:0;--awb-spacing-right-small:1.92%;--awb-spacing-left-small:1.92%;\"><div class=\"fusion-column-wrapper fusion-column-has-shadow fusion-flex-justify-content-flex-start fusion-content-layout-column\"><\/div><\/div><div class=\"fusion-layout-column fusion_builder_column fusion-builder-column-6 fusion-flex-column\" style=\"--awb-bg-size:cover;--awb-width-large:65.625%;--awb-margin-top-large:0px;--awb-spacing-right-large:2.9257142857143%;--awb-margin-bottom-large:20px;--awb-spacing-left-large:2.9257142857143%;--awb-width-medium:65.625%;--awb-order-medium:0;--awb-spacing-right-medium:2.9257142857143%;--awb-spacing-left-medium:2.9257142857143%;--awb-width-small:100%;--awb-order-small:0;--awb-spacing-right-small:1.92%;--awb-spacing-left-small:1.92%;\"><div class=\"fusion-column-wrapper fusion-column-has-shadow fusion-flex-justify-content-flex-start fusion-content-layout-column\"><div class=\"fusion-text fusion-text-4\"><p>Pour les probl\u00e8mes de production, les d\u00e9fauts de tissus, les d\u00e9faillances techniques ou pour toute autre difficult\u00e9 concernant vos produits, les sp\u00e9cialistes du Groupe CTT sont en mesure de d\u00e9terminer et d\u2019analyser votre probl\u00e8me, et de vous aider \u00e0 trouver des pistes de solution.<\/p>\n<p>Qu\u2019il s\u2019agisse de fournir des conseils quant au\u00a0<strong>choix de mat\u00e9riaux<\/strong>\u00a0pour des applications particuli\u00e8res, ou en ce qui concerne le\u00a0<strong>contr\u00f4le qualit\u00e9<\/strong>\u00a0ou l\u2019<strong>optimisation des proc\u00e9d\u00e9s de fabrication<\/strong>, les services d\u2019experts-conseils du Groupe CTT apportent une valeur ajout\u00e9e tout au long de la cha\u00eene de production textile.<\/p>\n<p>Les scientifiques, ing\u00e9nieurs et techniciens du Groupe CTT peuvent notamment apporter un savoir-faire technique pr\u00e9cieux lors des phases d\u2019\u00e9laboration d\u2019un nouveau produit ou d\u2019un nouveau processus manufacturier.<\/p>\n<p>Nos services de conseils techniques comprennent :<\/p>\n<ul>\n<li>l\u2019explication d\u2019essais et analyses de laboratoire;<\/li>\n<li>la formation technique;<\/li>\n<li>la caract\u00e9risation d\u2019un produit;<\/li>\n<li>les rapports et analyses d\u2019experts;<\/li>\n<li>la d\u00e9termination de l\u2019origine de probl\u00e8mes;<\/li>\n<li>l\u2019\u00e9laboration de sp\u00e9cifications techniques et de cahiers des charges.<\/li>\n<\/ul>\n<\/div><div class=\"fusion-builder-row fusion-builder-row-inner fusion-row fusion-flex-align-items-flex-start fusion-flex-content-wrap\" style=\"--awb-flex-grow:0;--awb-flex-grow-medium:0;--awb-flex-grow-small:0;--awb-flex-shrink:0;--awb-flex-shrink-medium:0;--awb-flex-shrink-small:0;width:104% !important;max-width:104% !important;margin-left: calc(-4% \/ 2 );margin-right: calc(-4% \/ 2 );\"><div class=\"fusion-layout-column fusion_builder_column_inner fusion-builder-nested-column-0 fusion_builder_column_inner_1_4 1_4 fusion-flex-column\" style=\"--awb-padding-bottom:0px;--awb-bg-size:cover;--awb-width-large:25%;--awb-margin-top-large:0px;--awb-spacing-right-large:7.68%;--awb-margin-bottom-large:0px;--awb-spacing-left-large:7.68%;--awb-width-medium:40%;--awb-order-medium:0;--awb-spacing-right-medium:4.8%;--awb-spacing-left-medium:4.8%;--awb-width-small:66.666666666667%;--awb-order-small:0;--awb-spacing-right-small:2.88%;--awb-spacing-left-small:2.88%;\"><div class=\"fusion-column-wrapper fusion-column-has-shadow fusion-flex-justify-content-flex-start fusion-content-layout-column\"><div ><a class=\"fusion-button button-flat fusion-button-default-size button-custom fusion-button-default button-1 fusion-button-span-yes fusion-button-default-type btn-shadow\" style=\"--button_accent_color:#ffffff;--button_accent_hover_color:#ffffff;--button_border_hover_color:#ffffff;--button_gradient_top_color:#7ac147;--button_gradient_bottom_color:#7ac147;--button_gradient_top_color_hover:#00aeef;--button_gradient_bottom_color_hover:#00aeef;--button_text_transform:uppercase;\" target=\"_self\" href=\"https:\/\/gcttg.com\/en\/request-a-quote\/\"><span class=\"fusion-button-icon-divider button-icon-divider-left\"><i class=\"gcttg-file-alt-solid awb-button__icon awb-button__icon--default\" aria-hidden=\"true\"><\/i><\/span><span class=\"fusion-button-text awb-button__text awb-button__text--default fusion-button-text-left\">REQUEST A QUOTE<\/span><\/a><\/div><\/div><\/div><div class=\"fusion-layout-column fusion_builder_column_inner fusion-builder-nested-column-1 fusion_builder_column_inner_1_4 1_4 fusion-flex-column\" style=\"--awb-padding-bottom:0px;--awb-bg-size:cover;--awb-width-large:25%;--awb-margin-top-large:0px;--awb-spacing-right-large:7.68%;--awb-margin-bottom-large:0px;--awb-spacing-left-large:7.68%;--awb-width-medium:40%;--awb-order-medium:0;--awb-spacing-right-medium:4.8%;--awb-spacing-left-medium:4.8%;--awb-width-small:66.666666666667%;--awb-order-small:0;--awb-spacing-right-small:2.88%;--awb-spacing-left-small:2.88%;\"><div class=\"fusion-column-wrapper fusion-column-has-shadow fusion-flex-justify-content-flex-start fusion-content-layout-column\"><div ><a class=\"fusion-button button-flat fusion-button-default-size button-custom fusion-button-default button-2 fusion-button-span-yes fusion-button-default-type btn-shadow\" style=\"--button_accent_color:#ffffff;--button_accent_hover_color:#ffffff;--button_border_hover_color:#ffffff;--button_gradient_top_color:#00aeef;--button_gradient_bottom_color:#00aeef;--button_gradient_top_color_hover:#7ac147;--button_gradient_bottom_color_hover:#7ac147;--button_text_transform:uppercase;\" target=\"_self\" href=\"https:\/\/gcttg.com\/en\/technical-services\/list-of-tests\/\"><span class=\"fusion-button-icon-divider button-icon-divider-left\"><i class=\"gcttg-search-solid awb-button__icon awb-button__icon--default\" aria-hidden=\"true\"><\/i><\/span><span class=\"fusion-button-text awb-button__text awb-button__text--default fusion-button-text-left\">LIST OF  TESTS<\/span><\/a><\/div><\/div><\/div><\/div><\/div><\/div><\/div><\/div><\/p>\n","protected":false},"excerpt":{"rendered":"","protected":false},"author":1,"featured_media":0,"parent":2109,"menu_order":2,"comment_status":"closed","ping_status":"closed","template":"","meta":{"footnotes":""},"class_list":["post-2124","page","type-page","status-publish","hentry"],"aioseo_notices":[],"_links":{"self":[{"href":"https:\/\/gcttg.com\/en\/wp-json\/wp\/v2\/pages\/2124","targetHints":{"allow":["GET"]}}],"collection":[{"href":"https:\/\/gcttg.com\/en\/wp-json\/wp\/v2\/pages"}],"about":[{"href":"https:\/\/gcttg.com\/en\/wp-json\/wp\/v2\/types\/page"}],"author":[{"embeddable":true,"href":"https:\/\/gcttg.com\/en\/wp-json\/wp\/v2\/users\/1"}],"replies":[{"embeddable":true,"href":"https:\/\/gcttg.com\/en\/wp-json\/wp\/v2\/comments?post=2124"}],"version-history":[{"count":0,"href":"https:\/\/gcttg.com\/en\/wp-json\/wp\/v2\/pages\/2124\/revisions"}],"up":[{"embeddable":true,"href":"https:\/\/gcttg.com\/en\/wp-json\/wp\/v2\/pages\/2109"}],"wp:attachment":[{"href":"https:\/\/gcttg.com\/en\/wp-json\/wp\/v2\/media?parent=2124"}],"curies":[{"name":"wp","href":"https:\/\/api.w.org\/{rel}","templated":true}]}}