{"id":2109,"date":"2021-04-06T19:46:00","date_gmt":"2021-04-06T19:46:00","guid":{"rendered":"https:\/\/gcttg.com\/expertise\/"},"modified":"2024-03-21T14:52:14","modified_gmt":"2024-03-21T18:52:14","slug":"expertise","status":"publish","type":"page","link":"https:\/\/gcttg.com\/en\/expertise\/","title":{"rendered":"Expertise"},"content":{"rendered":"<p><div class=\"fusion-fullwidth fullwidth-box fusion-builder-row-1 fusion-flex-container nonhundred-percent-fullwidth non-hundred-percent-height-scrolling\" style=\"--awb-border-radius-top-left:0px;--awb-border-radius-top-right:0px;--awb-border-radius-bottom-right:0px;--awb-border-radius-bottom-left:0px;--awb-flex-wrap:wrap;\" ><div class=\"fusion-builder-row fusion-row fusion-flex-align-items-flex-start fusion-flex-content-wrap\" style=\"max-width:1248px;margin-left: calc(-4% \/ 2 );margin-right: calc(-4% \/ 2 );\"><div class=\"fusion-layout-column fusion_builder_column fusion-builder-column-0 fusion_builder_column_1_4 1_4 fusion-flex-column fusion-no-small-visibility\" style=\"--awb-bg-size:cover;--awb-width-large:25%;--awb-margin-top-large:0px;--awb-spacing-right-large:7.68%;--awb-margin-bottom-large:20px;--awb-spacing-left-large:7.68%;--awb-width-medium:25%;--awb-order-medium:0;--awb-spacing-right-medium:7.68%;--awb-spacing-left-medium:7.68%;--awb-width-small:100%;--awb-order-small:0;--awb-spacing-right-small:1.92%;--awb-spacing-left-small:1.92%;\"><div class=\"fusion-column-wrapper fusion-column-has-shadow fusion-flex-justify-content-flex-start fusion-content-layout-column\"><\/div><\/div><div class=\"fusion-layout-column fusion_builder_column fusion-builder-column-1 fusion-flex-column\" style=\"--awb-bg-size:cover;--awb-width-large:65.625%;--awb-margin-top-large:0px;--awb-spacing-right-large:2.9257142857143%;--awb-margin-bottom-large:20px;--awb-spacing-left-large:2.9257142857143%;--awb-width-medium:65.625%;--awb-order-medium:0;--awb-spacing-right-medium:2.9257142857143%;--awb-spacing-left-medium:2.9257142857143%;--awb-width-small:100%;--awb-order-small:0;--awb-spacing-right-small:1.92%;--awb-spacing-left-small:1.92%;\"><div class=\"fusion-column-wrapper fusion-column-has-shadow fusion-flex-justify-content-flex-start fusion-content-layout-column\"><div class=\"fusion-text fusion-text-1 introPage\" style=\"--awb-text-color:#7ac147;\"><p><strong>Besoin d\u2019expertise\u2009? De conseils techniques en cas de litige\u2009? Ou simplement envie d\u2019am\u00e9liorer vos capacit\u00e9s techniques\u2009? Les scientifiques et techniciens qualifi\u00e9s du Groupe CTT peuvent vous accompagner et vous aider \u00e0 atteindre vos objectifs.<\/strong><\/p>\n<\/div><\/div><\/div><\/div><\/div><div class=\"fusion-fullwidth fullwidth-box fusion-builder-row-2 fusion-flex-container nonhundred-percent-fullwidth non-hundred-percent-height-scrolling row-photos\" style=\"--awb-border-radius-top-left:0px;--awb-border-radius-top-right:0px;--awb-border-radius-bottom-right:0px;--awb-border-radius-bottom-left:0px;--awb-flex-wrap:wrap;\" ><div class=\"fusion-builder-row fusion-row fusion-flex-align-items-flex-start fusion-flex-content-wrap\" style=\"max-width:1248px;margin-left: calc(-4% \/ 2 );margin-right: calc(-4% \/ 2 );\"><div class=\"fusion-layout-column fusion_builder_column fusion-builder-column-2 fusion_builder_column_1_4 1_4 fusion-flex-column fusion-no-small-visibility\" style=\"--awb-padding-bottom:30px;--awb-bg-size:cover;--awb-width-large:25%;--awb-margin-top-large:0px;--awb-spacing-right-large:7.68%;--awb-margin-bottom-large:20px;--awb-spacing-left-large:7.68%;--awb-width-medium:25%;--awb-order-medium:0;--awb-spacing-right-medium:7.68%;--awb-spacing-left-medium:7.68%;--awb-width-small:50%;--awb-order-small:0;--awb-spacing-right-small:3.84%;--awb-spacing-left-small:3.84%;\"><div class=\"fusion-column-wrapper fusion-column-has-shadow fusion-flex-justify-content-flex-start fusion-content-layout-column\"><\/div><\/div><div class=\"fusion-layout-column fusion_builder_column fusion-builder-column-3 fusion_builder_column_1_4 1_4 fusion-flex-column\" style=\"--awb-padding-bottom:30px;--awb-padding-bottom-medium:0px;--awb-bg-size:cover;--awb-width-large:25%;--awb-margin-top-large:0px;--awb-spacing-right-large:7.68%;--awb-margin-bottom-large:20px;--awb-spacing-left-large:7.68%;--awb-width-medium:25%;--awb-order-medium:0;--awb-spacing-right-medium:7.68%;--awb-margin-bottom-medium:0;--awb-spacing-left-medium:7.68%;--awb-width-small:50%;--awb-order-small:0;--awb-spacing-right-small:3.84%;--awb-spacing-left-small:3.84%;\"><div class=\"fusion-column-wrapper fusion-column-has-shadow fusion-flex-justify-content-flex-start fusion-content-layout-column\"><div class=\"fusion-image-element \" style=\"text-align:left;--awb-caption-title-font-family:var(--h2_typography-font-family);--awb-caption-title-font-weight:var(--h2_typography-font-weight);--awb-caption-title-font-style:var(--h2_typography-font-style);--awb-caption-title-size:var(--h2_typography-font-size);--awb-caption-title-transform:var(--h2_typography-text-transform);--awb-caption-title-line-height:var(--h2_typography-line-height);--awb-caption-title-letter-spacing:var(--h2_typography-letter-spacing);\"><span class=\" fusion-imageframe imageframe-dropshadow imageframe-1 hover-type-none\" style=\"-webkit-box-shadow: 6px 6px 10px rgba(0,0,0,0.16);box-shadow: 6px 6px 10px rgba(0,0,0,0.16);\"><img decoding=\"async\" width=\"267\" height=\"243\" title=\"equipe_SAGEOs\" src=\"https:\/\/gcttg.com\/wp-content\/uploads\/2021\/08\/equipe_SAGEOs.png\" alt class=\"img-responsive wp-image-2833\" srcset=\"https:\/\/gcttg.com\/wp-content\/uploads\/2021\/08\/equipe_SAGEOs-200x182.png 200w, https:\/\/gcttg.com\/wp-content\/uploads\/2021\/08\/equipe_SAGEOs.png 267w\" sizes=\"(max-width: 640px) 100vw, 267px\" \/><\/span><\/div><div class=\"fusion-text fusion-text-2\" style=\"--awb-font-size:12px;--awb-line-height:14px;--awb-text-font-family:&quot;Roboto&quot;;--awb-text-font-style:normal;--awb-text-font-weight:400;\"><p>Experts en g\u00e9osynth\u00e9tiques SAGEOS<\/p>\n<\/div><\/div><\/div><div class=\"fusion-layout-column fusion_builder_column fusion-builder-column-4 fusion-flex-column\" style=\"--awb-padding-bottom:30px;--awb-padding-bottom-medium:0px;--awb-bg-size:cover;--awb-width-large:40.625%;--awb-margin-top-large:0px;--awb-spacing-right-large:4.7261538461538%;--awb-margin-bottom-large:20px;--awb-spacing-left-large:4.7261538461538%;--awb-width-medium:40.625%;--awb-order-medium:0;--awb-spacing-right-medium:4.7261538461538%;--awb-margin-bottom-medium:0;--awb-spacing-left-medium:4.7261538461538%;--awb-width-small:100%;--awb-order-small:1;--awb-spacing-right-small:1.92%;--awb-spacing-left-small:1.92%;\"><div class=\"fusion-column-wrapper fusion-column-has-shadow fusion-flex-justify-content-flex-start fusion-content-layout-column\"><div class=\"fusion-image-element \" style=\"text-align:left;--awb-caption-title-font-family:var(--h2_typography-font-family);--awb-caption-title-font-weight:var(--h2_typography-font-weight);--awb-caption-title-font-style:var(--h2_typography-font-style);--awb-caption-title-size:var(--h2_typography-font-size);--awb-caption-title-transform:var(--h2_typography-text-transform);--awb-caption-title-line-height:var(--h2_typography-line-height);--awb-caption-title-letter-spacing:var(--h2_typography-letter-spacing);\"><span class=\" fusion-imageframe imageframe-dropshadow imageframe-2 hover-type-none\" style=\"-webkit-box-shadow: 6px 6px 10px rgba(0,0,0,0.16);box-shadow: 6px 6px 10px rgba(0,0,0,0.16);\"><img decoding=\"async\" width=\"462\" height=\"243\" title=\"DSCF0057\" src=\"https:\/\/gcttg.com\/wp-content\/uploads\/2021\/08\/DSCF0057.png\" alt class=\"img-responsive wp-image-3036\" srcset=\"https:\/\/gcttg.com\/wp-content\/uploads\/2021\/08\/DSCF0057-200x105.png 200w, https:\/\/gcttg.com\/wp-content\/uploads\/2021\/08\/DSCF0057-400x210.png 400w, https:\/\/gcttg.com\/wp-content\/uploads\/2021\/08\/DSCF0057.png 462w\" sizes=\"(max-width: 640px) 100vw, 462px\" \/><\/span><\/div><div class=\"fusion-text fusion-text-3\" style=\"--awb-font-size:12px;--awb-line-height:14px;--awb-text-font-family:&quot;Roboto&quot;;--awb-text-font-style:normal;--awb-text-font-weight:400;\"><p>\u00c9valuation de la structure d&#8217;un tricot cha\u00eene<\/p>\n<\/div><\/div><\/div><\/div><\/div><div class=\"fusion-fullwidth fullwidth-box fusion-builder-row-3 fusion-flex-container nonhundred-percent-fullwidth non-hundred-percent-height-scrolling\" style=\"--awb-border-radius-top-left:0px;--awb-border-radius-top-right:0px;--awb-border-radius-bottom-right:0px;--awb-border-radius-bottom-left:0px;--awb-flex-wrap:wrap;\" ><div class=\"fusion-builder-row fusion-row fusion-flex-align-items-flex-start fusion-flex-content-wrap\" style=\"max-width:1248px;margin-left: calc(-4% \/ 2 );margin-right: calc(-4% \/ 2 );\"><div class=\"fusion-layout-column fusion_builder_column fusion-builder-column-5 fusion_builder_column_1_4 1_4 fusion-flex-column fusion-no-small-visibility\" style=\"--awb-bg-size:cover;--awb-width-large:25%;--awb-margin-top-large:0px;--awb-spacing-right-large:7.68%;--awb-margin-bottom-large:20px;--awb-spacing-left-large:7.68%;--awb-width-medium:25%;--awb-order-medium:0;--awb-spacing-right-medium:7.68%;--awb-spacing-left-medium:7.68%;--awb-width-small:100%;--awb-order-small:0;--awb-spacing-right-small:1.92%;--awb-spacing-left-small:1.92%;\"><div class=\"fusion-column-wrapper fusion-column-has-shadow fusion-flex-justify-content-flex-start fusion-content-layout-column\"><\/div><\/div><div class=\"fusion-layout-column fusion_builder_column fusion-builder-column-6 fusion-flex-column\" style=\"--awb-bg-size:cover;--awb-width-large:65.625%;--awb-margin-top-large:0px;--awb-spacing-right-large:2.9257142857143%;--awb-margin-bottom-large:20px;--awb-spacing-left-large:2.9257142857143%;--awb-width-medium:65.625%;--awb-order-medium:0;--awb-spacing-right-medium:2.9257142857143%;--awb-spacing-left-medium:2.9257142857143%;--awb-width-small:100%;--awb-order-small:0;--awb-spacing-right-small:1.92%;--awb-spacing-left-small:1.92%;\"><div class=\"fusion-column-wrapper fusion-column-has-shadow fusion-flex-justify-content-flex-start fusion-content-layout-column\"><div class=\"fusion-text fusion-text-4\"><p>Dans l\u2019\u00e9conomie actuelle, le savoir est une force. Pour bien exploiter toute l\u2019information technique \u00e0 notre disposition, l\u2019interpr\u00e9tation des experts est indispensable. C\u2019est pourquoi le Groupe CTT peut fournir aux <strong>manufacturiers<\/strong>, aux <strong>organismes gouvernementaux<\/strong>, aux <strong>d\u00e9taillants<\/strong> et aux <strong>groupes de consommateurs<\/strong> des analyses d\u00e9terminantes, des rapports pr\u00e9cis et des conseils d\u2019experts.<\/p>\n<p>Pour en savoir davantage sur notre expertise :<\/p>\n<ul>\n<li><a href=\"https:\/\/gcttg.com\/expertise\/analyses-de-defauts\/\">Analyses de d\u00e9fauts<\/a><\/li>\n<li><a href=\"https:\/\/gcttg.com\/expertise\/conseils-techniques\/\">Conseils techniques<\/a><\/li>\n<li><a href=\"https:\/\/gcttg.com\/expertise\/temoignages-dexperts\/\">T\u00e9moignages d\u2019experts<\/a><\/li>\n<li><a href=\"https:\/\/gcttg.com\/expertise\/redaction-et-revision-de-specifications-techniques\/\">R\u00e9daction et r\u00e9vision de sp\u00e9cifications techniques<\/a><\/li>\n<li><a href=\"https:\/\/gcttg.com\/expertise\/veille-technologique\/\">Veille technologique<\/a><\/li>\n<\/ul>\n<\/div><div class=\"fusion-builder-row fusion-builder-row-inner fusion-row fusion-flex-align-items-flex-start fusion-flex-content-wrap\" style=\"--awb-flex-grow:0;--awb-flex-grow-medium:0;--awb-flex-grow-small:0;--awb-flex-shrink:0;--awb-flex-shrink-medium:0;--awb-flex-shrink-small:0;width:104% !important;max-width:104% !important;margin-left: calc(-4% \/ 2 );margin-right: calc(-4% \/ 2 );\"><div class=\"fusion-layout-column fusion_builder_column_inner fusion-builder-nested-column-0 fusion_builder_column_inner_1_4 1_4 fusion-flex-column\" style=\"--awb-padding-bottom:0px;--awb-bg-size:cover;--awb-width-large:25%;--awb-margin-top-large:0px;--awb-spacing-right-large:7.68%;--awb-margin-bottom-large:0px;--awb-spacing-left-large:7.68%;--awb-width-medium:40%;--awb-order-medium:0;--awb-spacing-right-medium:4.8%;--awb-spacing-left-medium:4.8%;--awb-width-small:66.666666666667%;--awb-order-small:0;--awb-spacing-right-small:2.88%;--awb-spacing-left-small:2.88%;\"><div class=\"fusion-column-wrapper fusion-column-has-shadow fusion-flex-justify-content-flex-start fusion-content-layout-column\"><div ><a class=\"fusion-button button-flat fusion-button-default-size button-custom fusion-button-default button-1 fusion-button-span-yes fusion-button-default-type btn-shadow\" style=\"--button_accent_color:#ffffff;--button_accent_hover_color:#ffffff;--button_border_hover_color:#ffffff;--button_gradient_top_color:#7ac147;--button_gradient_bottom_color:#7ac147;--button_gradient_top_color_hover:#00aeef;--button_gradient_bottom_color_hover:#00aeef;--button_text_transform:uppercase;\" target=\"_self\" href=\"https:\/\/gcttg.com\/en\/request-a-quote\/\"><span class=\"fusion-button-icon-divider button-icon-divider-left\"><i class=\"gcttg-file-alt-solid awb-button__icon awb-button__icon--default\" aria-hidden=\"true\"><\/i><\/span><span class=\"fusion-button-text awb-button__text awb-button__text--default fusion-button-text-left\">REQUEST A QUOTE<\/span><\/a><\/div><\/div><\/div><div class=\"fusion-layout-column fusion_builder_column_inner fusion-builder-nested-column-1 fusion_builder_column_inner_1_4 1_4 fusion-flex-column\" style=\"--awb-padding-bottom:0px;--awb-bg-size:cover;--awb-width-large:25%;--awb-margin-top-large:0px;--awb-spacing-right-large:7.68%;--awb-margin-bottom-large:0px;--awb-spacing-left-large:7.68%;--awb-width-medium:40%;--awb-order-medium:0;--awb-spacing-right-medium:4.8%;--awb-spacing-left-medium:4.8%;--awb-width-small:66.666666666667%;--awb-order-small:0;--awb-spacing-right-small:2.88%;--awb-spacing-left-small:2.88%;\"><div class=\"fusion-column-wrapper fusion-column-has-shadow fusion-flex-justify-content-flex-start fusion-content-layout-column\"><div ><a class=\"fusion-button button-flat fusion-button-default-size button-custom fusion-button-default button-2 fusion-button-span-yes fusion-button-default-type btn-shadow\" style=\"--button_accent_color:#ffffff;--button_accent_hover_color:#ffffff;--button_border_hover_color:#ffffff;--button_gradient_top_color:#00aeef;--button_gradient_bottom_color:#00aeef;--button_gradient_top_color_hover:#7ac147;--button_gradient_bottom_color_hover:#7ac147;--button_text_transform:uppercase;\" target=\"_self\" href=\"https:\/\/gcttg.com\/en\/technical-services\/list-of-tests\/\"><span class=\"fusion-button-icon-divider button-icon-divider-left\"><i class=\"gcttg-search-solid awb-button__icon awb-button__icon--default\" aria-hidden=\"true\"><\/i><\/span><span class=\"fusion-button-text awb-button__text awb-button__text--default fusion-button-text-left\">LIST OF  TESTS<\/span><\/a><\/div><\/div><\/div><\/div><\/div><\/div><\/div><\/div><\/p>\n","protected":false},"excerpt":{"rendered":"","protected":false},"author":1,"featured_media":0,"parent":0,"menu_order":0,"comment_status":"closed","ping_status":"closed","template":"","meta":{"footnotes":""},"class_list":["post-2109","page","type-page","status-publish","hentry"],"aioseo_notices":[],"_links":{"self":[{"href":"https:\/\/gcttg.com\/en\/wp-json\/wp\/v2\/pages\/2109","targetHints":{"allow":["GET"]}}],"collection":[{"href":"https:\/\/gcttg.com\/en\/wp-json\/wp\/v2\/pages"}],"about":[{"href":"https:\/\/gcttg.com\/en\/wp-json\/wp\/v2\/types\/page"}],"author":[{"embeddable":true,"href":"https:\/\/gcttg.com\/en\/wp-json\/wp\/v2\/users\/1"}],"replies":[{"embeddable":true,"href":"https:\/\/gcttg.com\/en\/wp-json\/wp\/v2\/comments?post=2109"}],"version-history":[{"count":0,"href":"https:\/\/gcttg.com\/en\/wp-json\/wp\/v2\/pages\/2109\/revisions"}],"wp:attachment":[{"href":"https:\/\/gcttg.com\/en\/wp-json\/wp\/v2\/media?parent=2109"}],"curies":[{"name":"wp","href":"https:\/\/api.w.org\/{rel}","templated":true}]}}